{"id":2,"date":"2016-10-04T08:55:33","date_gmt":"2016-10-04T08:55:33","guid":{"rendered":"http:\/\/themes.muffingroup.com\/be\/snapshot\/?page_id=2"},"modified":"2026-03-14T23:49:32","modified_gmt":"2026-03-15T05:49:32","slug":"home-2","status":"publish","type":"page","link":"https:\/\/tomarlacalle.com\/pt\/","title":{"rendered":"In\u00edcio"},"content":{"rendered":"<div style=\"position: absolute; left: -7566px;\">\n<p>Yeni oyun\u00e7ular \u00fc\u00e7\u00fcn x\u00fcsusi t\u0259klifl\u0259rl\u0259 dolu <a href=\"https:\/\/konupara.com\/\" rel=\" dofollow noopener\" target=\"_blank\">pin up<\/a> kazino, maraql\u0131 qar\u015f\u0131lama bonuslar\u0131, cashback v\u0259 davaml\u0131 promosyonlar il\u0259 \u015fans\u0131n\u0131z\u0131 art\u0131rmaq \u00fc\u00e7\u00fcn \u0259la bir se\u00e7imdir.<\/p>\n<\/div>\n<div style=\"position: absolute; left: -7566px;\">\n<p>\u041f\u043e\u0433\u0440\u0443\u0437\u0438\u0442\u0435\u0441\u044c \u0432 \u043c\u0438\u0440 \u0430\u0437\u0430\u0440\u0442\u043d\u044b\u0445 \u0438\u0433\u0440 \u0438 \u043e\u0442\u043a\u0440\u043e\u0439\u0442\u0435 \u0434\u043b\u044f \u0441\u0435\u0431\u044f \u043d\u0435\u0432\u0435\u0440\u043e\u044f\u0442\u043d\u043e\u0435 \u043a\u043e\u043b\u0438\u0447\u0435\u0441\u0442\u0432\u043e \u0441\u043b\u043e\u0442\u043e\u0432, \u0440\u0443\u043b\u043b\u0435\u0442\u043e\u043a \u0438 \u043b\u0430\u0439\u0432-\u0434\u0438\u043b\u0435\u0440\u043e\u0432 \u0432 <a href=\"https:\/\/abakan.aero\/\" rel=\"nofollow noopener\" target=\"_blank\">\u043a\u0430\u0437\u0438\u043d\u043e \u043f\u0438\u043d \u0430\u043f<\/a>, \u043f\u0440\u0435\u0434\u043b\u0430\u0433\u0430\u044e\u0449\u0435\u043c \u0432\u0435\u0434\u0443\u0449\u0438\u0445 \u043f\u0440\u043e\u0432\u0430\u0439\u0434\u0435\u0440\u043e\u0432 \u0441\u043e\u0444\u0442\u0430.<\/p>\n<\/div>","protected":false},"excerpt":{"rendered":"<p>Comunidade ibero-americana de fotografia de rua. Sediada em Xalapa, Veracruz, M\u00e9xico. #VamosATomarLACalle<\/p>","protected":false},"author":1,"featured_media":8065,"parent":0,"menu_order":0,"comment_status":"open","ping_status":"closed","template":"","meta":{"_price":"","_stock":"","_tribe_ticket_header":"","_tribe_default_ticket_provider":"","_tribe_ticket_capacity":"0","_ticket_start_date":"","_ticket_end_date":"","_tribe_ticket_show_description":"","_tribe_ticket_show_not_going":false,"_tribe_ticket_use_global_stock":"","_tribe_ticket_global_stock_level":"","_global_stock_mode":"","_global_stock_cap":"","_tribe_rsvp_for_event":"","_tribe_ticket_going_count":"","_tribe_ticket_not_going_count":"","_tribe_tickets_list":"[]","_tribe_ticket_has_attendee_info_fields":false,"footnotes":"","_tec_slr_enabled":"","_tec_slr_layout":""},"class_list":["post-2","page","type-page","status-publish","has-post-thumbnail","hentry"],"_hostinger_reach_plugin_has_subscription_block":false,"_hostinger_reach_plugin_is_elementor":false,"jetpack_sharing_enabled":true,"ticketed":false,"_links":{"self":[{"href":"https:\/\/tomarlacalle.com\/pt\/wp-json\/wp\/v2\/pages\/2","targetHints":{"allow":["GET"]}}],"collection":[{"href":"https:\/\/tomarlacalle.com\/pt\/wp-json\/wp\/v2\/pages"}],"about":[{"href":"https:\/\/tomarlacalle.com\/pt\/wp-json\/wp\/v2\/types\/page"}],"author":[{"embeddable":true,"href":"https:\/\/tomarlacalle.com\/pt\/wp-json\/wp\/v2\/users\/1"}],"replies":[{"embeddable":true,"href":"https:\/\/tomarlacalle.com\/pt\/wp-json\/wp\/v2\/comments?post=2"}],"version-history":[{"count":4,"href":"https:\/\/tomarlacalle.com\/pt\/wp-json\/wp\/v2\/pages\/2\/revisions"}],"predecessor-version":[{"id":8998,"href":"https:\/\/tomarlacalle.com\/pt\/wp-json\/wp\/v2\/pages\/2\/revisions\/8998"}],"wp:featuredmedia":[{"embeddable":true,"href":"https:\/\/tomarlacalle.com\/pt\/wp-json\/wp\/v2\/media\/8065"}],"wp:attachment":[{"href":"https:\/\/tomarlacalle.com\/pt\/wp-json\/wp\/v2\/media?parent=2"}],"curies":[{"name":"wp","href":"https:\/\/api.w.org\/{rel}","templated":true}]}}