{"id":2851,"date":"2023-05-22T08:37:42","date_gmt":"2023-05-22T14:37:42","guid":{"rendered":"https:\/\/tomarlacalle.com\/?page_id=2851"},"modified":"2026-02-04T21:38:31","modified_gmt":"2026-02-05T03:38:31","slug":"convocatoria-colectivo","status":"publish","type":"page","link":"https:\/\/tomarlacalle.com\/pt\/convocatoria-colectivo\/","title":{"rendered":"Se parte de Tomar la calle"},"content":{"rendered":"<p data-start=\"279\" data-end=\"658\">Tomar la Calle es un colectivo de fotograf\u00eda de calle y documental que naci\u00f3 con una idea simple: salir, observar y contar las historias que habitan en lo cotidiano. A lo largo del tiempo se ha convertido en una comunidad activa de fot\u00f3grafos y fot\u00f3grafas de distintas partes del pa\u00eds que comparten una misma convicci\u00f3n: la calle es un espacio de encuentro, expresi\u00f3n y creaci\u00f3n.<\/p>\n<p data-start=\"660\" data-end=\"972\">Ser parte de <strong data-start=\"673\" data-end=\"691\">Nas ruas<\/strong> significa formar parte de una red colaborativa donde cada integrante aporta su mirada, su experiencia y su energ\u00eda para seguir construyendo un movimiento fotogr\u00e1fico vivo y diverso. Aqu\u00ed no se trata de competir, sino de aprender, compartir y hacer comunidad a trav\u00e9s de la imagen.<\/p>\n<p data-start=\"974\" data-end=\"1379\">Como miembro del colectivo podr\u00e1s participar en exposiciones colectivas, caminatas fotogr\u00e1ficas, encuentros nacionales, conversatorios, actividades de formaci\u00f3n, proyectos editoriales y colaboraciones con otros colectivos y festivales. Tambi\u00e9n formar\u00e1s parte del <strong data-start=\"1237\" data-end=\"1261\">Cat\u00e1logo Fotogr\u00e1fico<\/strong> de Tomar la Calle, un espacio que visibiliza el trabajo de cada integrante y sus logros dentro y fuera del colectivo.<\/p>\n<p data-start=\"1381\" data-end=\"1708\">Buscamos personas con inter\u00e9s genuino por la fotograf\u00eda de calle, el trabajo documental o anal\u00f3gico, con disposici\u00f3n para participar activamente en las din\u00e1micas del colectivo y contribuir a su crecimiento. No importa tu nivel de experiencia: lo que queremos es tu mirada, tu compromiso y tus ganas de compartir desde la calle.<\/p>\n<p data-start=\"1710\" data-end=\"1832\">Si te identificas con esta forma de entender la fotograf\u00eda, llena el formulario de registro, y despu\u00e9s de un proceso de selecci\u00f3n podr\u00e1s ser parte de este movimiento.<\/p>\n<p data-start=\"1710\" data-end=\"1832\">Cierre de registro: 23:59hrs del Domingo 23 de Noviembre (Horario CDMX)<\/p>\n<h4 data-start=\"164\" data-end=\"215\"><strong data-start=\"168\" data-end=\"215\">Requisitos para ser parte de Tomar la Calle<\/strong><\/h4>\n<ol data-start=\"217\" data-end=\"1260\">\n<li data-start=\"217\" data-end=\"365\">\n<p data-start=\"220\" data-end=\"365\"><strong data-start=\"220\" data-end=\"264\">Inter\u00e9s real por la fotograf\u00eda de calle.<\/strong><br data-start=\"264\" data-end=\"267\" \/>No importa tu nivel de experiencia: buscamos personas con curiosidad, pasi\u00f3n y mirada propia.<\/p>\n<\/li>\n<li data-start=\"367\" data-end=\"529\">\n<p data-start=\"370\" data-end=\"529\"><strong data-start=\"370\" data-end=\"402\">Compromiso con la comunidad.<\/strong><br data-start=\"402\" data-end=\"405\" \/>Ser parte del colectivo implica participar activamente en caminatas, proyectos, exposiciones y actividades compartidas.<\/p>\n<\/li>\n<li data-start=\"531\" data-end=\"714\">\n<p data-start=\"534\" data-end=\"714\"><strong data-start=\"534\" data-end=\"569\">Actitud colaborativa y respeto.<\/strong><br data-start=\"569\" data-end=\"572\" \/>Valoramos el trabajo en equipo, la diversidad de miradas y el respeto hacia las personas, los espacios y las historias que fotografiamos.<\/p>\n<\/li>\n<li data-start=\"716\" data-end=\"904\">\n<p data-start=\"719\" data-end=\"904\"><strong data-start=\"719\" data-end=\"766\">Portafolio o selecci\u00f3n de trabajo personal.<\/strong><br data-start=\"766\" data-end=\"769\" \/>Se solicita un conjunto de entre <strong data-start=\"813\" data-end=\"835\">10-15 fotograf\u00edas<\/strong> de calle o documental (Cualquier dispositivo fotogr\u00e1fico admitido) que reflejen tu estilo y visi\u00f3n.<\/p>\n<\/li>\n<li data-start=\"906\" data-end=\"1053\">\n<p data-start=\"909\" data-end=\"1053\"><strong data-start=\"909\" data-end=\"945\">Formulario de registro completo.<\/strong><br data-start=\"945\" data-end=\"948\" \/>Incluye tus datos, redes sociales y una breve descripci\u00f3n de tu relaci\u00f3n con la fotograf\u00eda de calle.<\/p>\n<\/li>\n<li data-start=\"1055\" data-end=\"1260\">\n<p data-start=\"1058\" data-end=\"1260\"><strong data-start=\"1058\" data-end=\"1119\">Disponibilidad para involucrarte en proyectos colectivos.<\/strong><br data-start=\"1119\" data-end=\"1122\" \/>Desde colaboraciones locales hasta participaci\u00f3n en festivales o exhibiciones, buscamos miembros activos que aporten su mirada y energ\u00eda.<\/p>\n<\/li>\n<\/ol>\n<p data-start=\"1710\" data-end=\"1832\"><strong>Catalogo fotogr\u00e1fico:\u00a0<\/strong><\/p>\n<ul>\n<li data-start=\"1710\" data-end=\"1832\">Fot\u00f3grafos nacidos en Iberoam\u00e9rica radicados en cualquier lugar del mundo.<\/li>\n<li data-start=\"1710\" data-end=\"1832\">\u00a0Fot\u00f3grafos de cualquier lugar del mundo radicados en Iberoam\u00e9rica.<\/li>\n<li data-start=\"1710\" data-end=\"1832\">Los participantes de #SomosCalle 2024 y 2025 tienen su lugar asegurado en el catalogo fotogr\u00e1fico de Tomar la calle.<\/li>\n<\/ul>\n<p><strong>Embajadores:\u00a0<\/strong><\/p>\n<ul>\n<li>Fot\u00f3grafos radicados en pa\u00edses de Iberoam\u00e9rica.<\/li>\n<\/ul>\n<p><strong>Miembros oficiales:<\/strong><\/p>\n<ul>\n<li>Radicados en la Rep\u00fablica Mexicana. (En este primer registro).<\/li>\n<\/ul>\n<p data-start=\"1710\" data-end=\"1832\">Te compartimos nuestro estatuto donde seguramente quedaran resueltas muchas de tus dudas. <a href=\"https:\/\/tomarlacalle.com\/pt\/estatuto-colectivo-tomar-la-calle\/?lang=en\">Rev\u00edsalo aqu\u00ed<\/a><\/p>\n<p data-start=\"1834\" data-end=\"1915\"><strong data-start=\"1837\" data-end=\"1915\">Tomar la calle es mirar distinto. Es construir comunidad. Es dejar huella.<\/strong><\/p>\n<p data-start=\"1834\" data-end=\"1915\">REGISTRO CERRADO.<\/p>","protected":false},"excerpt":{"rendered":"<p>Si eres un apasionado de la fotograf\u00eda de calle, es decir, la fotograf\u00eda que se realiza en espacios p\u00fablicos y en situaciones cotidianas, tienes un archivo numeroso y de calidad de tus im\u00e1genes, y has participado en m\u00e1s de la mitad (4 de 7) de los photowalks del colectivo (Ene-Jul 2023), \u00a1te estamos buscando!<\/p>","protected":false},"author":1,"featured_media":-1,"parent":0,"menu_order":0,"comment_status":"closed","ping_status":"closed","template":"","meta":{"_price":"","_stock":"","_tribe_ticket_header":"","_tribe_default_ticket_provider":"","_tribe_ticket_capacity":"0","_ticket_start_date":"","_ticket_end_date":"","_tribe_ticket_show_description":"","_tribe_ticket_show_not_going":false,"_tribe_ticket_use_global_stock":"","_tribe_ticket_global_stock_level":"","_global_stock_mode":"","_global_stock_cap":"","_tribe_rsvp_for_event":"","_tribe_ticket_going_count":"","_tribe_ticket_not_going_count":"","_tribe_tickets_list":"[]","_tribe_ticket_has_attendee_info_fields":false,"footnotes":"","_tec_slr_enabled":"","_tec_slr_layout":""},"class_list":["post-2851","page","type-page","status-publish","has-post-thumbnail","hentry"],"_hostinger_reach_plugin_has_subscription_block":false,"_hostinger_reach_plugin_is_elementor":false,"jetpack_sharing_enabled":true,"ticketed":false,"_links":{"self":[{"href":"https:\/\/tomarlacalle.com\/pt\/wp-json\/wp\/v2\/pages\/2851","targetHints":{"allow":["GET"]}}],"collection":[{"href":"https:\/\/tomarlacalle.com\/pt\/wp-json\/wp\/v2\/pages"}],"about":[{"href":"https:\/\/tomarlacalle.com\/pt\/wp-json\/wp\/v2\/types\/page"}],"author":[{"embeddable":true,"href":"https:\/\/tomarlacalle.com\/pt\/wp-json\/wp\/v2\/users\/1"}],"replies":[{"embeddable":true,"href":"https:\/\/tomarlacalle.com\/pt\/wp-json\/wp\/v2\/comments?post=2851"}],"version-history":[{"count":22,"href":"https:\/\/tomarlacalle.com\/pt\/wp-json\/wp\/v2\/pages\/2851\/revisions"}],"predecessor-version":[{"id":8650,"href":"https:\/\/tomarlacalle.com\/pt\/wp-json\/wp\/v2\/pages\/2851\/revisions\/8650"}],"wp:featuredmedia":[{"embeddable":true,"href":"https:\/\/tomarlacalle.com\/pt\/wp-json\/"}],"wp:attachment":[{"href":"https:\/\/tomarlacalle.com\/pt\/wp-json\/wp\/v2\/media?parent=2851"}],"curies":[{"name":"wp","href":"https:\/\/api.w.org\/{rel}","templated":true}]}}